{"id":46,"date":"2026-02-16T11:15:41","date_gmt":"2026-02-16T11:15:41","guid":{"rendered":"https:\/\/corbeilles-et-merveilles.ch\/?page_id=46"},"modified":"2026-03-24T15:30:35","modified_gmt":"2026-03-24T15:30:35","slug":"ateliers","status":"publish","type":"page","link":"https:\/\/corbeilles-et-merveilles.ch\/index.php\/ateliers\/","title":{"rendered":"Ateliers"},"content":{"rendered":"\n<p>Les ateliers se d\u00e9roulent chez moi \u00e0 Yverdon, \u00e0 15 minutes \u00e0 pied de la gare et \u00e0 3 minutes de l&rsquo;arr\u00eat de bus Les Uttins, ligne 602. Parking dans la rue.<\/p>\n\n\n\n<hr class=\"wp-block-separator has-alpha-channel-opacity is-style-wide\"\/>\n\n\n\n<p class=\"has-background has-larger-font-size\" style=\"background-color:#b34d07d9\">Hiboux en rondelles de bois<\/p>\n\n\n\n<figure class=\"wp-block-image size-large\"><img loading=\"lazy\" decoding=\"async\" width=\"1024\" height=\"768\" src=\"https:\/\/corbeilles-et-merveilles.ch\/wp-content\/uploads\/2026\/02\/IMG_6951-2-1024x768.jpeg\" alt=\"\" class=\"wp-image-47\" srcset=\"https:\/\/corbeilles-et-merveilles.ch\/wp-content\/uploads\/2026\/02\/IMG_6951-2-1024x768.jpeg 1024w, https:\/\/corbeilles-et-merveilles.ch\/wp-content\/uploads\/2026\/02\/IMG_6951-2-300x225.jpeg 300w, https:\/\/corbeilles-et-merveilles.ch\/wp-content\/uploads\/2026\/02\/IMG_6951-2-768x576.jpeg 768w, https:\/\/corbeilles-et-merveilles.ch\/wp-content\/uploads\/2026\/02\/IMG_6951-2-1536x1152.jpeg 1536w, https:\/\/corbeilles-et-merveilles.ch\/wp-content\/uploads\/2026\/02\/IMG_6951-2-2048x1536.jpeg 2048w\" sizes=\"auto, (max-width: 1024px) 100vw, 1024px\" \/><figcaption class=\"wp-element-caption\">Hiboux en rondelles de bois<\/figcaption><\/figure>\n\n\n\n<p>samedi 31 f\u00e9vrier 2026,   9h00 &#8211; 12h00<\/p>\n\n\n\n<div class=\"wp-block-buttons is-layout-flex wp-block-buttons-is-layout-flex\">\n<div class=\"wp-block-button\"><a class=\"wp-block-button__link wp-element-button\" href=\"https:\/\/corbeilles-et-merveilles.ch\/index.php\/inscription-a-latelier-hiboux-en-rondelles-de-bois\/\">Inscription<\/a><\/div>\n<\/div>\n\n\n\n<hr class=\"wp-block-separator has-alpha-channel-opacity is-style-wide\"\/>\n\n\n\n<h2 class=\"wp-block-heading has-background\" style=\"background-color:#e1a43499\">Suspensions de No\u00ebl en osier<\/h2>\n\n\n\n<figure class=\"wp-block-image size-large\"><img loading=\"lazy\" decoding=\"async\" width=\"768\" height=\"1024\" src=\"https:\/\/corbeilles-et-merveilles.ch\/wp-content\/uploads\/2026\/02\/IMG_1770-1-768x1024.jpeg\" alt=\"\" class=\"wp-image-51\" srcset=\"https:\/\/corbeilles-et-merveilles.ch\/wp-content\/uploads\/2026\/02\/IMG_1770-1-768x1024.jpeg 768w, https:\/\/corbeilles-et-merveilles.ch\/wp-content\/uploads\/2026\/02\/IMG_1770-1-225x300.jpeg 225w, https:\/\/corbeilles-et-merveilles.ch\/wp-content\/uploads\/2026\/02\/IMG_1770-1-1152x1536.jpeg 1152w, https:\/\/corbeilles-et-merveilles.ch\/wp-content\/uploads\/2026\/02\/IMG_1770-1-1536x2048.jpeg 1536w, https:\/\/corbeilles-et-merveilles.ch\/wp-content\/uploads\/2026\/02\/IMG_1770-1-scaled.jpeg 1920w\" sizes=\"auto, (max-width: 768px) 100vw, 768px\" \/><figcaption class=\"wp-element-caption\">Suspensions de No\u00ebl<\/figcaption><\/figure>\n\n\n\n<p>Maximum 6 participants<\/p>\n\n\n\n<p>samedi 31 novembre 2026,    9h00 &#8211; 12h00    <\/p>\n\n\n\n<div class=\"wp-block-buttons is-layout-flex wp-block-buttons-is-layout-flex\">\n<div class=\"wp-block-button\"><a class=\"wp-block-button__link wp-element-button\" href=\"https:\/\/corbeilles-et-merveilles.ch\/index.php\/inscription-a-latelier-suspensions-de-noel-en-osier\/\">Inscription<\/a><\/div>\n<\/div>\n\n\n\n<hr class=\"wp-block-separator has-alpha-channel-opacity is-style-wide\"\/>\n\n\n\n<h2 class=\"wp-block-heading has-background\" style=\"background-color:#b15619c9\">D\u00e9coration en osier<\/h2>\n\n\n\n<figure class=\"wp-block-image size-large\"><img loading=\"lazy\" decoding=\"async\" width=\"1024\" height=\"768\" src=\"https:\/\/corbeilles-et-merveilles.ch\/wp-content\/uploads\/2026\/02\/IMG_3044-1024x768.jpeg\" alt=\"\" class=\"wp-image-172\" srcset=\"https:\/\/corbeilles-et-merveilles.ch\/wp-content\/uploads\/2026\/02\/IMG_3044-1024x768.jpeg 1024w, https:\/\/corbeilles-et-merveilles.ch\/wp-content\/uploads\/2026\/02\/IMG_3044-300x225.jpeg 300w, https:\/\/corbeilles-et-merveilles.ch\/wp-content\/uploads\/2026\/02\/IMG_3044-768x576.jpeg 768w, https:\/\/corbeilles-et-merveilles.ch\/wp-content\/uploads\/2026\/02\/IMG_3044-1536x1152.jpeg 1536w, https:\/\/corbeilles-et-merveilles.ch\/wp-content\/uploads\/2026\/02\/IMG_3044-2048x1536.jpeg 2048w\" sizes=\"auto, (max-width: 1024px) 100vw, 1024px\" \/><figcaption class=\"wp-element-caption\">D\u00e9coration<\/figcaption><\/figure>\n\n\n\n<p><\/p>\n\n\n\n<p>Maximum 6 participants<\/p>\n\n\n\n<p>vendredi 13 f\u00e9vrier, 15h30-18h30<\/p>\n\n\n\n<p>Inscription ( bouton clic Email ) avec nombre de places restantes<\/p>\n\n\n\n<div class=\"wp-block-buttons is-layout-flex wp-block-buttons-is-layout-flex\">\n<div class=\"wp-block-button\"><a class=\"wp-block-button__link wp-element-button\">Inscription<\/a><\/div>\n<\/div>\n\n\n\n<hr class=\"wp-block-separator has-alpha-channel-opacity is-style-wide\"\/>\n\n\n\n<h2 class=\"wp-block-heading has-background\" style=\"background-color:#ffdf50\">Poulette &amp; coquelet  en osier <\/h2>\n\n\n\n<figure class=\"wp-block-gallery has-nested-images columns-default is-cropped wp-block-gallery-1 is-layout-flex wp-block-gallery-is-layout-flex\">\n<figure class=\"wp-block-image size-large\"><img loading=\"lazy\" decoding=\"async\" width=\"1024\" height=\"768\" data-id=\"232\" src=\"https:\/\/corbeilles-et-merveilles.ch\/wp-content\/uploads\/2026\/03\/IMG_3180-1024x768.jpeg\" alt=\"\" class=\"wp-image-232\" srcset=\"https:\/\/corbeilles-et-merveilles.ch\/wp-content\/uploads\/2026\/03\/IMG_3180-1024x768.jpeg 1024w, https:\/\/corbeilles-et-merveilles.ch\/wp-content\/uploads\/2026\/03\/IMG_3180-300x225.jpeg 300w, https:\/\/corbeilles-et-merveilles.ch\/wp-content\/uploads\/2026\/03\/IMG_3180-768x576.jpeg 768w, https:\/\/corbeilles-et-merveilles.ch\/wp-content\/uploads\/2026\/03\/IMG_3180-1536x1152.jpeg 1536w, https:\/\/corbeilles-et-merveilles.ch\/wp-content\/uploads\/2026\/03\/IMG_3180-2048x1536.jpeg 2048w\" sizes=\"auto, (max-width: 1024px) 100vw, 1024px\" \/><figcaption class=\"wp-element-caption\"><br><br>Poule et coq au jardin<\/figcaption><\/figure>\n<\/figure>\n\n\n\n<figure class=\"wp-block-image size-large\"><img loading=\"lazy\" decoding=\"async\" width=\"1024\" height=\"768\" src=\"https:\/\/corbeilles-et-merveilles.ch\/wp-content\/uploads\/2026\/03\/IMG_3190-1024x768.jpeg\" alt=\"\" class=\"wp-image-240\" srcset=\"https:\/\/corbeilles-et-merveilles.ch\/wp-content\/uploads\/2026\/03\/IMG_3190-1024x768.jpeg 1024w, https:\/\/corbeilles-et-merveilles.ch\/wp-content\/uploads\/2026\/03\/IMG_3190-300x225.jpeg 300w, https:\/\/corbeilles-et-merveilles.ch\/wp-content\/uploads\/2026\/03\/IMG_3190-768x576.jpeg 768w, https:\/\/corbeilles-et-merveilles.ch\/wp-content\/uploads\/2026\/03\/IMG_3190-1536x1152.jpeg 1536w, https:\/\/corbeilles-et-merveilles.ch\/wp-content\/uploads\/2026\/03\/IMG_3190-2048x1536.jpeg 2048w\" sizes=\"auto, (max-width: 1024px) 100vw, 1024px\" \/><\/figure>\n\n\n\n<h2 class=\"wp-block-heading has-normal-font-size\">Maximum 6 participants<\/h2>\n\n\n\n<p>Samedi 2 avril, 9h00-12h00<span style=\"font-family: var(--wp--preset--font-family--body); font-size: var(--wp--preset--font-size--medium);\"><\/span><\/p>\n\n\n\n<div class=\"wp-block-buttons is-layout-flex wp-block-buttons-is-layout-flex\">\n<div class=\"wp-block-button\"><a class=\"wp-block-button__link wp-element-button\">Inscription<\/a><\/div>\n<\/div>\n","protected":false},"excerpt":{"rendered":"<p>Les ateliers se d\u00e9roulent chez moi \u00e0 Yverdon, \u00e0 15 minutes \u00e0 pied de la gare et \u00e0 3 minutes de l&rsquo;arr\u00eat de bus Les Uttins, ligne 602. Parking dans la rue. Hiboux en rondelles de bois samedi 31 f\u00e9vrier 2026, 9h00 &#8211; 12h00 Suspensions de No\u00ebl en osier Maximum 6 participants samedi 31 novembre [&hellip;]<\/p>\n","protected":false},"author":1,"featured_media":0,"parent":0,"menu_order":0,"comment_status":"closed","ping_status":"closed","template":"","meta":{"footnotes":""},"class_list":["post-46","page","type-page","status-publish","hentry"],"_links":{"self":[{"href":"https:\/\/corbeilles-et-merveilles.ch\/index.php\/wp-json\/wp\/v2\/pages\/46","targetHints":{"allow":["GET"]}}],"collection":[{"href":"https:\/\/corbeilles-et-merveilles.ch\/index.php\/wp-json\/wp\/v2\/pages"}],"about":[{"href":"https:\/\/corbeilles-et-merveilles.ch\/index.php\/wp-json\/wp\/v2\/types\/page"}],"author":[{"embeddable":true,"href":"https:\/\/corbeilles-et-merveilles.ch\/index.php\/wp-json\/wp\/v2\/users\/1"}],"replies":[{"embeddable":true,"href":"https:\/\/corbeilles-et-merveilles.ch\/index.php\/wp-json\/wp\/v2\/comments?post=46"}],"version-history":[{"count":20,"href":"https:\/\/corbeilles-et-merveilles.ch\/index.php\/wp-json\/wp\/v2\/pages\/46\/revisions"}],"predecessor-version":[{"id":311,"href":"https:\/\/corbeilles-et-merveilles.ch\/index.php\/wp-json\/wp\/v2\/pages\/46\/revisions\/311"}],"wp:attachment":[{"href":"https:\/\/corbeilles-et-merveilles.ch\/index.php\/wp-json\/wp\/v2\/media?parent=46"}],"curies":[{"name":"wp","href":"https:\/\/api.w.org\/{rel}","templated":true}]}}